{"id":989,"date":"2023-01-13T20:57:27","date_gmt":"2023-01-13T23:57:27","guid":{"rendered":"http:\/\/tienda.inovus.cl\/shop\/?post_type=product&#038;p=989"},"modified":"2023-01-27T01:09:42","modified_gmt":"2023-01-27T04:09:42","slug":"pilar-preparo-definitivo-ti-he-nobelbiocare-branemark-compatible","status":"publish","type":"product","link":"https:\/\/tienda.inovus.cl\/shop\/product\/pilar-preparo-definitivo-ti-he-nobelbiocare-branemark-compatible\/","title":{"rendered":"Pilar Preparo\/Definitivo Ti HE NobelBiocare\u00ae Br\u00e5nemark\u00ae Compatible"},"content":{"rendered":"<p>Pilar Preparo\/Definitivo Ti HE NobelBiocare\u00ae Br\u00e5nemark\u00ae Compatible<\/p>\n<p>Di\u00e1metros \u00f8 3.5 , \u00f8 4.1 y \u00f8 5.0 mm<\/p>\n<p>Alturas de hombro\u00a0 1.0 , 2.0 y 3.0 mm<\/p>\n<p>Con Antirrotaci\u00f3n y Sin Antirrotaci\u00f3n<\/p>\n","protected":false},"excerpt":{"rendered":"<p>Pilar Preparo\/Definitivo Ti HE NobelBiocare\u00ae Br\u00e5nemark\u00ae Compatible Di\u00e1metros \u00f8 3.5 , \u00f8 4.1 y \u00f8 5.0 mm Alturas de hombro\u00a0 1.0 , 2.0 y 3.0 mm Con Antirrotaci\u00f3n y Sin Antirrotaci\u00f3n<\/p>\n","protected":false},"featured_media":1016,"comment_status":"open","ping_status":"closed","template":"","meta":[],"product_brand":[],"product_cat":[269,268],"product_tag":[],"class_list":{"0":"post-989","1":"product","2":"type-product","3":"status-publish","4":"has-post-thumbnail","6":"product_cat-branemark-he","7":"product_cat-nobel-biocare-compatibles","9":"first","10":"instock","11":"shipping-taxable","12":"purchasable","13":"product-type-variable"},"jetpack_sharing_enabled":true,"_links":{"self":[{"href":"https:\/\/tienda.inovus.cl\/shop\/wp-json\/wp\/v2\/product\/989","targetHints":{"allow":["GET"]}}],"collection":[{"href":"https:\/\/tienda.inovus.cl\/shop\/wp-json\/wp\/v2\/product"}],"about":[{"href":"https:\/\/tienda.inovus.cl\/shop\/wp-json\/wp\/v2\/types\/product"}],"replies":[{"embeddable":true,"href":"https:\/\/tienda.inovus.cl\/shop\/wp-json\/wp\/v2\/comments?post=989"}],"wp:featuredmedia":[{"embeddable":true,"href":"https:\/\/tienda.inovus.cl\/shop\/wp-json\/wp\/v2\/media\/1016"}],"wp:attachment":[{"href":"https:\/\/tienda.inovus.cl\/shop\/wp-json\/wp\/v2\/media?parent=989"}],"wp:term":[{"taxonomy":"product_brand","embeddable":true,"href":"https:\/\/tienda.inovus.cl\/shop\/wp-json\/wp\/v2\/product_brand?post=989"},{"taxonomy":"product_cat","embeddable":true,"href":"https:\/\/tienda.inovus.cl\/shop\/wp-json\/wp\/v2\/product_cat?post=989"},{"taxonomy":"product_tag","embeddable":true,"href":"https:\/\/tienda.inovus.cl\/shop\/wp-json\/wp\/v2\/product_tag?post=989"}],"curies":[{"name":"wp","href":"https:\/\/api.w.org\/{rel}","templated":true}]}}