{"id":1403,"date":"2023-01-26T22:50:52","date_gmt":"2023-01-27T01:50:52","guid":{"rendered":"http:\/\/tienda.inovus.cl\/shop\/?post_type=product&#038;p=1403"},"modified":"2023-01-27T02:17:48","modified_gmt":"2023-01-27T05:17:48","slug":"transfer-cubeta-abierta-y-cerrada-nobelbiocare-nobelactive-compatible","status":"publish","type":"product","link":"https:\/\/tienda.inovus.cl\/shop\/product\/transfer-cubeta-abierta-y-cerrada-nobelbiocare-nobelactive-compatible\/","title":{"rendered":"Transfer Cubeta Abierta y Cerrada NobelBiocare\u00ae NobelActive\u00ae Compatible"},"content":{"rendered":"<p>Pilar Cicatrizaci\u00f3n NobelBiocare\u00ae NobelActive\u00ae Compatible<\/p>\n<p>Di\u00e1metros \u00f8 3.5, \u00f8 4.3 y \u00f8 5.0\u00a0 mm<\/p>\n<p>Cubeta\u00a0 Abierta y Cerrada<\/p>\n","protected":false},"excerpt":{"rendered":"<p>Pilar Cicatrizaci\u00f3n NobelBiocare\u00ae NobelActive\u00ae Compatible Di\u00e1metros \u00f8 3.5, \u00f8 4.3 y \u00f8 5.0\u00a0 mm Cubeta\u00a0 Abierta y Cerrada<\/p>\n","protected":false},"featured_media":1432,"comment_status":"open","ping_status":"closed","template":"","meta":[],"product_brand":[],"product_cat":[272,268],"product_tag":[],"class_list":{"0":"post-1403","1":"product","2":"type-product","3":"status-publish","4":"has-post-thumbnail","6":"product_cat-nobel-active","7":"product_cat-nobel-biocare-compatibles","9":"first","10":"instock","11":"shipping-taxable","12":"purchasable","13":"product-type-variable"},"jetpack_sharing_enabled":true,"_links":{"self":[{"href":"https:\/\/tienda.inovus.cl\/shop\/wp-json\/wp\/v2\/product\/1403","targetHints":{"allow":["GET"]}}],"collection":[{"href":"https:\/\/tienda.inovus.cl\/shop\/wp-json\/wp\/v2\/product"}],"about":[{"href":"https:\/\/tienda.inovus.cl\/shop\/wp-json\/wp\/v2\/types\/product"}],"replies":[{"embeddable":true,"href":"https:\/\/tienda.inovus.cl\/shop\/wp-json\/wp\/v2\/comments?post=1403"}],"wp:featuredmedia":[{"embeddable":true,"href":"https:\/\/tienda.inovus.cl\/shop\/wp-json\/wp\/v2\/media\/1432"}],"wp:attachment":[{"href":"https:\/\/tienda.inovus.cl\/shop\/wp-json\/wp\/v2\/media?parent=1403"}],"wp:term":[{"taxonomy":"product_brand","embeddable":true,"href":"https:\/\/tienda.inovus.cl\/shop\/wp-json\/wp\/v2\/product_brand?post=1403"},{"taxonomy":"product_cat","embeddable":true,"href":"https:\/\/tienda.inovus.cl\/shop\/wp-json\/wp\/v2\/product_cat?post=1403"},{"taxonomy":"product_tag","embeddable":true,"href":"https:\/\/tienda.inovus.cl\/shop\/wp-json\/wp\/v2\/product_tag?post=1403"}],"curies":[{"name":"wp","href":"https:\/\/api.w.org\/{rel}","templated":true}]}}