{"id":1387,"date":"2023-01-25T13:27:48","date_gmt":"2023-01-25T16:27:48","guid":{"rendered":"http:\/\/tienda.inovus.cl\/shop\/?post_type=product&#038;p=1387"},"modified":"2023-01-25T13:27:48","modified_gmt":"2023-01-25T16:27:48","slug":"tapa-de-proteccion-multi-unit-estandar-branemark","status":"publish","type":"product","link":"https:\/\/tienda.inovus.cl\/shop\/product\/tapa-de-proteccion-multi-unit-estandar-branemark\/","title":{"rendered":"Tapa de Protecci\u00f3n Multi Unit (Est\u00e1ndar Br\u00e5nemark)"},"content":{"rendered":"<p>Tapa de Protecci\u00f3n Multi Unit (Est\u00e1ndar Br\u00e5nemark)<\/p>\n","protected":false},"excerpt":{"rendered":"<p>Tapa de Protecci\u00f3n Multi Unit (Est\u00e1ndar Br\u00e5nemark)<\/p>\n","protected":false},"featured_media":1388,"comment_status":"open","ping_status":"closed","template":"","meta":[],"product_brand":[],"product_cat":[368],"product_tag":[],"class_list":{"0":"post-1387","1":"product","2":"type-product","3":"status-publish","4":"has-post-thumbnail","6":"product_cat-supra-multi-unit","8":"first","9":"instock","10":"shipping-taxable","11":"product-type-simple"},"jetpack_sharing_enabled":true,"_links":{"self":[{"href":"https:\/\/tienda.inovus.cl\/shop\/wp-json\/wp\/v2\/product\/1387","targetHints":{"allow":["GET"]}}],"collection":[{"href":"https:\/\/tienda.inovus.cl\/shop\/wp-json\/wp\/v2\/product"}],"about":[{"href":"https:\/\/tienda.inovus.cl\/shop\/wp-json\/wp\/v2\/types\/product"}],"replies":[{"embeddable":true,"href":"https:\/\/tienda.inovus.cl\/shop\/wp-json\/wp\/v2\/comments?post=1387"}],"wp:featuredmedia":[{"embeddable":true,"href":"https:\/\/tienda.inovus.cl\/shop\/wp-json\/wp\/v2\/media\/1388"}],"wp:attachment":[{"href":"https:\/\/tienda.inovus.cl\/shop\/wp-json\/wp\/v2\/media?parent=1387"}],"wp:term":[{"taxonomy":"product_brand","embeddable":true,"href":"https:\/\/tienda.inovus.cl\/shop\/wp-json\/wp\/v2\/product_brand?post=1387"},{"taxonomy":"product_cat","embeddable":true,"href":"https:\/\/tienda.inovus.cl\/shop\/wp-json\/wp\/v2\/product_cat?post=1387"},{"taxonomy":"product_tag","embeddable":true,"href":"https:\/\/tienda.inovus.cl\/shop\/wp-json\/wp\/v2\/product_tag?post=1387"}],"curies":[{"name":"wp","href":"https:\/\/api.w.org\/{rel}","templated":true}]}}