{"id":1361,"date":"2023-01-25T11:36:13","date_gmt":"2023-01-25T14:36:13","guid":{"rendered":"http:\/\/tienda.inovus.cl\/shop\/?post_type=product&#038;p=1361"},"modified":"2023-01-25T13:29:00","modified_gmt":"2023-01-25T16:29:00","slug":"pilar-multi-unit-17-y-30-p-nobelbiocare-replace-trilob-compatible","status":"publish","type":"product","link":"https:\/\/tienda.inovus.cl\/shop\/product\/pilar-multi-unit-17-y-30-p-nobelbiocare-replace-trilob-compatible\/","title":{"rendered":"Pilar Multi Unit (17\u00b0 y 30\u00b0)  p\/NobelBiocare\u00ae Replace\u00ae Trilob Compatible"},"content":{"rendered":"<p>Pilar Multi Unit (17\u00b0 y 30\u00b0) p\/NobelBiocare\u00ae Replace\u00ae Trilob Compatible<\/p>\n<p>Di\u00e1metro \u00f8 3.5, \u00f8 4.3, \u00f8 5.0 y \u00f8 6.0 mm<\/p>\n<p>Referencia medida de alturas de hombro:\u00a0<strong>hm<\/strong>=menor y\u00a0<strong>hM<\/strong>=Mayor<\/p>\n<p><strong>17\u00ba\u00a0 \u00a0hM= 2.0, 3.0 \u00f3 4.0 mm\u00a0 \u00a0y\u00a0 \u00a030\u00ba\u00a0 hM= 3.0 y 4.0 mm<\/strong><\/p>\n","protected":false},"excerpt":{"rendered":"<p>Pilar Multi Unit (17\u00b0 y 30\u00b0) p\/NobelBiocare\u00ae Replace\u00ae Trilob Compatible Di\u00e1metro \u00f8 3.5, \u00f8 4.3, \u00f8 5.0 y \u00f8 6.0 mm Referencia medida de alturas de hombro:\u00a0hm=menor y\u00a0hM=Mayor 17\u00ba\u00a0 \u00a0hM= 2.0, 3.0 \u00f3 4.0 mm\u00a0 \u00a0y\u00a0 \u00a030\u00ba\u00a0 hM= 3.0 y 4.0 mm<\/p>\n","protected":false},"featured_media":1362,"comment_status":"open","ping_status":"closed","template":"","meta":[],"product_brand":[],"product_cat":[268,271,368],"product_tag":[],"class_list":{"0":"post-1361","1":"product","2":"type-product","3":"status-publish","4":"has-post-thumbnail","6":"product_cat-nobel-biocare-compatibles","7":"product_cat-replace-trilob","8":"product_cat-supra-multi-unit","10":"first","11":"instock","12":"shipping-taxable","13":"purchasable","14":"product-type-variable"},"jetpack_sharing_enabled":true,"_links":{"self":[{"href":"https:\/\/tienda.inovus.cl\/shop\/wp-json\/wp\/v2\/product\/1361","targetHints":{"allow":["GET"]}}],"collection":[{"href":"https:\/\/tienda.inovus.cl\/shop\/wp-json\/wp\/v2\/product"}],"about":[{"href":"https:\/\/tienda.inovus.cl\/shop\/wp-json\/wp\/v2\/types\/product"}],"replies":[{"embeddable":true,"href":"https:\/\/tienda.inovus.cl\/shop\/wp-json\/wp\/v2\/comments?post=1361"}],"wp:featuredmedia":[{"embeddable":true,"href":"https:\/\/tienda.inovus.cl\/shop\/wp-json\/wp\/v2\/media\/1362"}],"wp:attachment":[{"href":"https:\/\/tienda.inovus.cl\/shop\/wp-json\/wp\/v2\/media?parent=1361"}],"wp:term":[{"taxonomy":"product_brand","embeddable":true,"href":"https:\/\/tienda.inovus.cl\/shop\/wp-json\/wp\/v2\/product_brand?post=1361"},{"taxonomy":"product_cat","embeddable":true,"href":"https:\/\/tienda.inovus.cl\/shop\/wp-json\/wp\/v2\/product_cat?post=1361"},{"taxonomy":"product_tag","embeddable":true,"href":"https:\/\/tienda.inovus.cl\/shop\/wp-json\/wp\/v2\/product_tag?post=1361"}],"curies":[{"name":"wp","href":"https:\/\/api.w.org\/{rel}","templated":true}]}}