{"id":1253,"date":"2023-01-24T19:58:31","date_gmt":"2023-01-24T22:58:31","guid":{"rendered":"http:\/\/tienda.inovus.cl\/shop\/?post_type=product&#038;p=1253"},"modified":"2023-01-24T19:58:31","modified_gmt":"2023-01-24T22:58:31","slug":"pilar-provisorio-he-nobelbiocare-branemark-compatible","status":"publish","type":"product","link":"https:\/\/tienda.inovus.cl\/shop\/product\/pilar-provisorio-he-nobelbiocare-branemark-compatible\/","title":{"rendered":"Pilar Provisorio HE NobelBiocare\u00ae Br\u00e5nemark\u00ae Compatible"},"content":{"rendered":"<p>Pilar Provisorio HE NobelBiocare\u00ae Br\u00e5nemark\u00ae Compatible<\/p>\n<p>Di\u00e1metro \u00f8 3.5, \u00f8 4.1 y \u00f8 5.0 mm<\/p>\n<p>Rotaci\u00f3n Con Antirrotaci\u00f3n y Sin Antirrotaci\u00f3n<\/p>\n","protected":false},"excerpt":{"rendered":"<p>Pilar Provisorio HE NobelBiocare\u00ae Br\u00e5nemark\u00ae Compatible Di\u00e1metro \u00f8 3.5, \u00f8 4.1 y \u00f8 5.0 mm Rotaci\u00f3n Con Antirrotaci\u00f3n y Sin Antirrotaci\u00f3n<\/p>\n","protected":false},"featured_media":1260,"comment_status":"open","ping_status":"closed","template":"","meta":[],"product_brand":[],"product_cat":[269,268],"product_tag":[],"class_list":{"0":"post-1253","1":"product","2":"type-product","3":"status-publish","4":"has-post-thumbnail","6":"product_cat-branemark-he","7":"product_cat-nobel-biocare-compatibles","9":"first","10":"instock","11":"shipping-taxable","12":"purchasable","13":"product-type-variable"},"jetpack_sharing_enabled":true,"_links":{"self":[{"href":"https:\/\/tienda.inovus.cl\/shop\/wp-json\/wp\/v2\/product\/1253","targetHints":{"allow":["GET"]}}],"collection":[{"href":"https:\/\/tienda.inovus.cl\/shop\/wp-json\/wp\/v2\/product"}],"about":[{"href":"https:\/\/tienda.inovus.cl\/shop\/wp-json\/wp\/v2\/types\/product"}],"replies":[{"embeddable":true,"href":"https:\/\/tienda.inovus.cl\/shop\/wp-json\/wp\/v2\/comments?post=1253"}],"wp:featuredmedia":[{"embeddable":true,"href":"https:\/\/tienda.inovus.cl\/shop\/wp-json\/wp\/v2\/media\/1260"}],"wp:attachment":[{"href":"https:\/\/tienda.inovus.cl\/shop\/wp-json\/wp\/v2\/media?parent=1253"}],"wp:term":[{"taxonomy":"product_brand","embeddable":true,"href":"https:\/\/tienda.inovus.cl\/shop\/wp-json\/wp\/v2\/product_brand?post=1253"},{"taxonomy":"product_cat","embeddable":true,"href":"https:\/\/tienda.inovus.cl\/shop\/wp-json\/wp\/v2\/product_cat?post=1253"},{"taxonomy":"product_tag","embeddable":true,"href":"https:\/\/tienda.inovus.cl\/shop\/wp-json\/wp\/v2\/product_tag?post=1253"}],"curies":[{"name":"wp","href":"https:\/\/api.w.org\/{rel}","templated":true}]}}