{"id":1179,"date":"2023-01-24T16:34:40","date_gmt":"2023-01-24T19:34:40","guid":{"rendered":"http:\/\/tienda.inovus.cl\/shop\/?post_type=product&#038;p=1179"},"modified":"2023-01-27T01:07:30","modified_gmt":"2023-01-27T04:07:30","slug":"pilar-calcinable-nobelbiocare-replace-trilob-compatible","status":"publish","type":"product","link":"https:\/\/tienda.inovus.cl\/shop\/product\/pilar-calcinable-nobelbiocare-replace-trilob-compatible\/","title":{"rendered":"Pilar Calcinable NobelBiocare\u00ae Replace\u00ae Trilob Compatible"},"content":{"rendered":"<p>Pilar Calcinable NobelBiocare\u00ae Replace\u00ae Trilob Compatible<\/p>\n<p>Di\u00e1metro \u00f8 3.5, \u00f8 4.3, \u00f8 5.0\u00a0 y \u00f8 6.0 mm<\/p>\n<p>Rotaci\u00f3n\u00a0 Con Antirrotaci\u00f3n y Sin Antirrotaci\u00f3n<\/p>\n","protected":false},"excerpt":{"rendered":"<p>Pilar Calcinable NobelBiocare\u00ae Replace\u00ae Trilob Compatible Di\u00e1metro \u00f8 3.5, \u00f8 4.3, \u00f8 5.0\u00a0 y \u00f8 6.0 mm Rotaci\u00f3n\u00a0 Con Antirrotaci\u00f3n y Sin Antirrotaci\u00f3n<\/p>\n","protected":false},"featured_media":1180,"comment_status":"open","ping_status":"closed","template":"","meta":[],"product_brand":[],"product_cat":[268,271],"product_tag":[],"class_list":{"0":"post-1179","1":"product","2":"type-product","3":"status-publish","4":"has-post-thumbnail","6":"product_cat-nobel-biocare-compatibles","7":"product_cat-replace-trilob","9":"first","10":"instock","11":"shipping-taxable","12":"purchasable","13":"product-type-variable"},"jetpack_sharing_enabled":true,"_links":{"self":[{"href":"https:\/\/tienda.inovus.cl\/shop\/wp-json\/wp\/v2\/product\/1179","targetHints":{"allow":["GET"]}}],"collection":[{"href":"https:\/\/tienda.inovus.cl\/shop\/wp-json\/wp\/v2\/product"}],"about":[{"href":"https:\/\/tienda.inovus.cl\/shop\/wp-json\/wp\/v2\/types\/product"}],"replies":[{"embeddable":true,"href":"https:\/\/tienda.inovus.cl\/shop\/wp-json\/wp\/v2\/comments?post=1179"}],"wp:featuredmedia":[{"embeddable":true,"href":"https:\/\/tienda.inovus.cl\/shop\/wp-json\/wp\/v2\/media\/1180"}],"wp:attachment":[{"href":"https:\/\/tienda.inovus.cl\/shop\/wp-json\/wp\/v2\/media?parent=1179"}],"wp:term":[{"taxonomy":"product_brand","embeddable":true,"href":"https:\/\/tienda.inovus.cl\/shop\/wp-json\/wp\/v2\/product_brand?post=1179"},{"taxonomy":"product_cat","embeddable":true,"href":"https:\/\/tienda.inovus.cl\/shop\/wp-json\/wp\/v2\/product_cat?post=1179"},{"taxonomy":"product_tag","embeddable":true,"href":"https:\/\/tienda.inovus.cl\/shop\/wp-json\/wp\/v2\/product_tag?post=1179"}],"curies":[{"name":"wp","href":"https:\/\/api.w.org\/{rel}","templated":true}]}}