{"id":1124,"date":"2023-01-19T00:41:34","date_gmt":"2023-01-19T03:41:34","guid":{"rendered":"http:\/\/tienda.inovus.cl\/shop\/?post_type=product&#038;p=1124"},"modified":"2023-04-26T02:08:14","modified_gmt":"2023-04-26T05:08:14","slug":"pilar-calcinable-multi-unit-estandar-branemark","status":"publish","type":"product","link":"https:\/\/tienda.inovus.cl\/shop\/product\/pilar-calcinable-multi-unit-estandar-branemark\/","title":{"rendered":"Pilar Calcinable Multi-Unit (Est\u00e1ndar Br\u00e5nemark)"},"content":{"rendered":"<p>Pilar Calcinable Multi-Unit (Est\u00e1ndar Br\u00e5nemark)<\/p>\n","protected":false},"excerpt":{"rendered":"<p>Pilar Calcinable Multi-Unit (Est\u00e1ndar Br\u00e5nemark)<\/p>\n","protected":false},"featured_media":1125,"comment_status":"open","ping_status":"closed","template":"","meta":[],"product_brand":[],"product_cat":[269,272,271,368],"product_tag":[],"class_list":{"0":"post-1124","1":"product","2":"type-product","3":"status-publish","4":"has-post-thumbnail","6":"product_cat-branemark-he","7":"product_cat-nobel-active","8":"product_cat-replace-trilob","9":"product_cat-supra-multi-unit","11":"first","12":"instock","13":"shipping-taxable","14":"purchasable","15":"product-type-simple"},"jetpack_sharing_enabled":true,"_links":{"self":[{"href":"https:\/\/tienda.inovus.cl\/shop\/wp-json\/wp\/v2\/product\/1124","targetHints":{"allow":["GET"]}}],"collection":[{"href":"https:\/\/tienda.inovus.cl\/shop\/wp-json\/wp\/v2\/product"}],"about":[{"href":"https:\/\/tienda.inovus.cl\/shop\/wp-json\/wp\/v2\/types\/product"}],"replies":[{"embeddable":true,"href":"https:\/\/tienda.inovus.cl\/shop\/wp-json\/wp\/v2\/comments?post=1124"}],"wp:featuredmedia":[{"embeddable":true,"href":"https:\/\/tienda.inovus.cl\/shop\/wp-json\/wp\/v2\/media\/1125"}],"wp:attachment":[{"href":"https:\/\/tienda.inovus.cl\/shop\/wp-json\/wp\/v2\/media?parent=1124"}],"wp:term":[{"taxonomy":"product_brand","embeddable":true,"href":"https:\/\/tienda.inovus.cl\/shop\/wp-json\/wp\/v2\/product_brand?post=1124"},{"taxonomy":"product_cat","embeddable":true,"href":"https:\/\/tienda.inovus.cl\/shop\/wp-json\/wp\/v2\/product_cat?post=1124"},{"taxonomy":"product_tag","embeddable":true,"href":"https:\/\/tienda.inovus.cl\/shop\/wp-json\/wp\/v2\/product_tag?post=1124"}],"curies":[{"name":"wp","href":"https:\/\/api.w.org\/{rel}","templated":true}]}}