{"id":1113,"date":"2023-01-18T20:27:54","date_gmt":"2023-01-18T23:27:54","guid":{"rendered":"http:\/\/tienda.inovus.cl\/shop\/?post_type=product&#038;p=1113"},"modified":"2023-04-26T02:11:05","modified_gmt":"2023-04-26T05:11:05","slug":"transfer-multi-unit-cubeta-cerrada-y-abierta-estandar-branemark","status":"publish","type":"product","link":"https:\/\/tienda.inovus.cl\/shop\/product\/transfer-multi-unit-cubeta-cerrada-y-abierta-estandar-branemark\/","title":{"rendered":"Transfer Multi-Unit Cubeta Abierta y Cerrada (Est\u00e1ndar Br\u00e5nemark)"},"content":{"rendered":"<p>Transfer Multi-Unit Cubeta Abierta y Cerrada (Est\u00e1ndar Br\u00e5nemark)<\/p>\n","protected":false},"excerpt":{"rendered":"<p>Transfer Multi-Unit Cubeta Abierta y Cerrada (Est\u00e1ndar Br\u00e5nemark)<\/p>\n","protected":false},"featured_media":1118,"comment_status":"open","ping_status":"closed","template":"","meta":[],"product_brand":[],"product_cat":[269,272,271,368],"product_tag":[],"class_list":{"0":"post-1113","1":"product","2":"type-product","3":"status-publish","4":"has-post-thumbnail","6":"product_cat-branemark-he","7":"product_cat-nobel-active","8":"product_cat-replace-trilob","9":"product_cat-supra-multi-unit","11":"first","12":"instock","13":"shipping-taxable","14":"purchasable","15":"product-type-variable"},"jetpack_sharing_enabled":true,"_links":{"self":[{"href":"https:\/\/tienda.inovus.cl\/shop\/wp-json\/wp\/v2\/product\/1113","targetHints":{"allow":["GET"]}}],"collection":[{"href":"https:\/\/tienda.inovus.cl\/shop\/wp-json\/wp\/v2\/product"}],"about":[{"href":"https:\/\/tienda.inovus.cl\/shop\/wp-json\/wp\/v2\/types\/product"}],"replies":[{"embeddable":true,"href":"https:\/\/tienda.inovus.cl\/shop\/wp-json\/wp\/v2\/comments?post=1113"}],"wp:featuredmedia":[{"embeddable":true,"href":"https:\/\/tienda.inovus.cl\/shop\/wp-json\/wp\/v2\/media\/1118"}],"wp:attachment":[{"href":"https:\/\/tienda.inovus.cl\/shop\/wp-json\/wp\/v2\/media?parent=1113"}],"wp:term":[{"taxonomy":"product_brand","embeddable":true,"href":"https:\/\/tienda.inovus.cl\/shop\/wp-json\/wp\/v2\/product_brand?post=1113"},{"taxonomy":"product_cat","embeddable":true,"href":"https:\/\/tienda.inovus.cl\/shop\/wp-json\/wp\/v2\/product_cat?post=1113"},{"taxonomy":"product_tag","embeddable":true,"href":"https:\/\/tienda.inovus.cl\/shop\/wp-json\/wp\/v2\/product_tag?post=1113"}],"curies":[{"name":"wp","href":"https:\/\/api.w.org\/{rel}","templated":true}]}}