{"id":1090,"date":"2023-01-18T03:07:19","date_gmt":"2023-01-18T06:07:19","guid":{"rendered":"http:\/\/tienda.inovus.cl\/shop\/?post_type=product&#038;p=1090"},"modified":"2023-01-24T15:34:38","modified_gmt":"2023-01-24T18:34:38","slug":"pilar-preparo-definitivo-15-y-25-ti-he-nobelbiocare-branemark-compatible","status":"publish","type":"product","link":"https:\/\/tienda.inovus.cl\/shop\/product\/pilar-preparo-definitivo-15-y-25-ti-he-nobelbiocare-branemark-compatible\/","title":{"rendered":"Pilar Preparo\/Definitivo 15\u00b0 y 25\u00b0 Ti HE NobelBiocare\u00ae Br\u00e5nemark\u00ae Compatible"},"content":{"rendered":"<p>Pilar Preparo\/Definitivo 15\u00b0 y 25\u00b0 Ti HE NobelBiocare\u00ae Br\u00e5nemark\u00ae Compatible<\/p>\n<p>Di\u00e1metros \u00f8 3.5 , \u00f8 4.1 y \u00f8 5.0 mm<\/p>\n<p>\u00c1ngulos 15\u00b0 y 25\u00b0\u00a0 (grados)<\/p>\n<p>Alturas 1.0 mm , 2.0 mm y 3.0 mm<\/p>\n","protected":false},"excerpt":{"rendered":"<p>Pilar Preparo\/Definitivo 15\u00b0 y 25\u00b0 Ti HE NobelBiocare\u00ae Br\u00e5nemark\u00ae Compatible Di\u00e1metros \u00f8 3.5 , \u00f8 4.1 y \u00f8 5.0 mm \u00c1ngulos 15\u00b0 y 25\u00b0\u00a0 (grados) Alturas 1.0 mm , 2.0 mm y 3.0 mm<\/p>\n","protected":false},"featured_media":1059,"comment_status":"open","ping_status":"closed","template":"","meta":[],"product_brand":[],"product_cat":[269,268],"product_tag":[],"class_list":{"0":"post-1090","1":"product","2":"type-product","3":"status-publish","4":"has-post-thumbnail","6":"product_cat-branemark-he","7":"product_cat-nobel-biocare-compatibles","9":"first","10":"instock","11":"shipping-taxable","12":"purchasable","13":"product-type-variable"},"jetpack_sharing_enabled":true,"_links":{"self":[{"href":"https:\/\/tienda.inovus.cl\/shop\/wp-json\/wp\/v2\/product\/1090","targetHints":{"allow":["GET"]}}],"collection":[{"href":"https:\/\/tienda.inovus.cl\/shop\/wp-json\/wp\/v2\/product"}],"about":[{"href":"https:\/\/tienda.inovus.cl\/shop\/wp-json\/wp\/v2\/types\/product"}],"replies":[{"embeddable":true,"href":"https:\/\/tienda.inovus.cl\/shop\/wp-json\/wp\/v2\/comments?post=1090"}],"wp:featuredmedia":[{"embeddable":true,"href":"https:\/\/tienda.inovus.cl\/shop\/wp-json\/wp\/v2\/media\/1059"}],"wp:attachment":[{"href":"https:\/\/tienda.inovus.cl\/shop\/wp-json\/wp\/v2\/media?parent=1090"}],"wp:term":[{"taxonomy":"product_brand","embeddable":true,"href":"https:\/\/tienda.inovus.cl\/shop\/wp-json\/wp\/v2\/product_brand?post=1090"},{"taxonomy":"product_cat","embeddable":true,"href":"https:\/\/tienda.inovus.cl\/shop\/wp-json\/wp\/v2\/product_cat?post=1090"},{"taxonomy":"product_tag","embeddable":true,"href":"https:\/\/tienda.inovus.cl\/shop\/wp-json\/wp\/v2\/product_tag?post=1090"}],"curies":[{"name":"wp","href":"https:\/\/api.w.org\/{rel}","templated":true}]}}