{"id":1038,"date":"2023-01-15T19:38:44","date_gmt":"2023-01-15T22:38:44","guid":{"rendered":"http:\/\/tienda.inovus.cl\/shop\/?post_type=product&#038;p=1038"},"modified":"2023-01-25T13:35:44","modified_gmt":"2023-01-25T16:35:44","slug":"pilar-multi-unit-recto-he-nobelbiocare-branemark-compatible","status":"publish","type":"product","link":"https:\/\/tienda.inovus.cl\/shop\/product\/pilar-multi-unit-recto-he-nobelbiocare-branemark-compatible\/","title":{"rendered":"Pilar Multi Unit Recto HE NobelBiocare\u00ae Br\u00e5nemark\u00ae Compatible"},"content":{"rendered":"<p>Pilar Multi Unit Recto HE NobelBiocare\u00ae Br\u00e5nemark\u00ae Compatible<\/p>\n<p>Di\u00e1metros \u00f8 3.5, \u00f84.1, \u00f85.0 mm<\/p>\n<p>Alturas\u00a0 1.0, 2.0, 3.0, 4.0, 5.0 y 6.0 mm<\/p>\n","protected":false},"excerpt":{"rendered":"<p>Pilar Multi Unit Recto HE NobelBiocare\u00ae Br\u00e5nemark\u00ae Compatible Di\u00e1metros \u00f8 3.5, \u00f84.1, \u00f85.0 mm Alturas\u00a0 1.0, 2.0, 3.0, 4.0, 5.0 y 6.0 mm<\/p>\n","protected":false},"featured_media":1037,"comment_status":"open","ping_status":"closed","template":"","meta":[],"product_brand":[],"product_cat":[269,268],"product_tag":[],"class_list":{"0":"post-1038","1":"product","2":"type-product","3":"status-publish","4":"has-post-thumbnail","6":"product_cat-branemark-he","7":"product_cat-nobel-biocare-compatibles","9":"first","10":"instock","11":"shipping-taxable","12":"purchasable","13":"product-type-variable"},"jetpack_sharing_enabled":true,"_links":{"self":[{"href":"https:\/\/tienda.inovus.cl\/shop\/wp-json\/wp\/v2\/product\/1038","targetHints":{"allow":["GET"]}}],"collection":[{"href":"https:\/\/tienda.inovus.cl\/shop\/wp-json\/wp\/v2\/product"}],"about":[{"href":"https:\/\/tienda.inovus.cl\/shop\/wp-json\/wp\/v2\/types\/product"}],"replies":[{"embeddable":true,"href":"https:\/\/tienda.inovus.cl\/shop\/wp-json\/wp\/v2\/comments?post=1038"}],"wp:featuredmedia":[{"embeddable":true,"href":"https:\/\/tienda.inovus.cl\/shop\/wp-json\/wp\/v2\/media\/1037"}],"wp:attachment":[{"href":"https:\/\/tienda.inovus.cl\/shop\/wp-json\/wp\/v2\/media?parent=1038"}],"wp:term":[{"taxonomy":"product_brand","embeddable":true,"href":"https:\/\/tienda.inovus.cl\/shop\/wp-json\/wp\/v2\/product_brand?post=1038"},{"taxonomy":"product_cat","embeddable":true,"href":"https:\/\/tienda.inovus.cl\/shop\/wp-json\/wp\/v2\/product_cat?post=1038"},{"taxonomy":"product_tag","embeddable":true,"href":"https:\/\/tienda.inovus.cl\/shop\/wp-json\/wp\/v2\/product_tag?post=1038"}],"curies":[{"name":"wp","href":"https:\/\/api.w.org\/{rel}","templated":true}]}}