{"id":30,"date":"2016-08-31T09:25:18","date_gmt":"2016-08-31T09:25:18","guid":{"rendered":"http:\/\/flatsome.dev\/?page_id=9165"},"modified":"2022-12-20T23:03:30","modified_gmt":"2022-12-20T23:03:30","slug":"flip-book","status":"publish","type":"page","link":"https:\/\/tienda.inovus.cl\/shop\/elements\/flip-book\/","title":{"rendered":"Flip Book"},"content":{"rendered":"\n\t<section class=\"section\" id=\"section_1398589980\">\n\t\t<div class=\"section-bg fill\" >\n\t\t\t\t\t\t\t\t\t\n\t\t\t\n\n\t\t<\/div>\n\n\t\t\n\n\t\t<div class=\"section-content relative\">\n\t\t\t\n<div class=\"container section-title-container\" ><h3 class=\"section-title section-title-center\"><b aria-hidden=\"true\"><\/b><span class=\"section-title-main\" >Flip book element<\/span><b aria-hidden=\"true\"><\/b><\/h3><\/div>\n            <div class=\"row\"><div class=\"large-12 col\">\n          <div style=\"background-color:#FFF;\" class=\"slider flipContainer slider-nav-circle slide box-shadow-2\"\n            data-flickity-options='{\n              \"cellAlign\": \"center\",\n              \"wrapAround\": true,\n              \"percentPosition\": true,\n              \"imagesLoaded\": true,\n              \"pageDots\": true,\n              \"contain\": true\n          }'>\n                        <div class=\"slide\" style=\"background-color:#FFF;\">  <div class=\"row row-collapse align-middle flip-slide\" style=\"width:100%\">\n        <div class=\"large-6 col flip-page-one\">\n        <div class=\"featured-product col-inner\">\n          <a href=\"https:\/\/tienda.inovus.cl\/shop\/product\/tapa-proteccion-pilar-multi-unit-estandar-branemark\/\">\n                <div class=\"product-image relative\">\n                   <div class=\"front-image\">\n                    <img loading=\"lazy\" decoding=\"async\" width=\"250\" height=\"250\" src=\"https:\/\/tienda.inovus.cl\/shop\/wp-content\/uploads\/2023\/04\/tapa-proteccion-multi-unit.jpg\" class=\"attachment-woocommerce_single size-woocommerce_single wp-post-image\" alt=\"\" srcset=\"https:\/\/tienda.inovus.cl\/shop\/wp-content\/uploads\/2023\/04\/tapa-proteccion-multi-unit.jpg 250w, https:\/\/tienda.inovus.cl\/shop\/wp-content\/uploads\/2023\/04\/tapa-proteccion-multi-unit-100x100.jpg 100w\" sizes=\"auto, (max-width: 250px) 100vw, 250px\" \/>                  <\/div>\n                  \n<div class=\"badge-container absolute left top z-1\">\n\n<\/div>\n                <\/div>\n          <\/a>\n        <\/div>\n        <\/div>\n       <div class=\"large-6 col flip-page-two\">\n        <div class=\"product-info col-inner inner-padding\">\n              <h1 class=\"entry-title\"><a href=\"https:\/\/tienda.inovus.cl\/shop\/product\/tapa-proteccion-pilar-multi-unit-estandar-branemark\/\">Tapa Protecci\u00f3n Pilar Multi-Unit (Est\u00e1ndar Br\u00e5nemark)<\/a><\/h1>\n              <div class=\"is-divider medium\"><\/div>\n              <div class=\"price-wrapper\">\n\t<p class=\"price product-page-price \">\n  <span class=\"woocommerce-Price-amount amount\"><bdi><span class=\"woocommerce-Price-currencySymbol\">&#36;<\/span>15.990<\/bdi><\/span><\/p>\n<\/div>\n<div class=\"product_meta\">\n\n\t\n\t\n\t<span class=\"posted_in\">Categor\u00edas: <a href=\"https:\/\/tienda.inovus.cl\/shop\/product-category\/nobel-biocare-compatibles\/branemark-he\/\" rel=\"tag\">Br\u00e5nemark\u00ae HE<\/a>, <a href=\"https:\/\/tienda.inovus.cl\/shop\/product-category\/nobel-biocare-compatibles\/nobel-active\/\" rel=\"tag\">Nobel Active\u00ae<\/a>, <a href=\"https:\/\/tienda.inovus.cl\/shop\/product-category\/nobel-biocare-compatibles\/replace-trilob\/\" rel=\"tag\">Replace\u00ae Trilob<\/a>, <a href=\"https:\/\/tienda.inovus.cl\/shop\/product-category\/supra-multi-unit\/\" rel=\"tag\">Supra Multi Unit<\/a><\/span>\n\t\n\t\n<\/div>\n              <a href=\"https:\/\/tienda.inovus.cl\/shop\/product\/tapa-proteccion-pilar-multi-unit-estandar-branemark\/\" class=\"button\">Leer m\u00e1s<\/a>\n         <\/div>\n        <\/div>\n<\/div>\n<\/div>\n                        <div class=\"slide\" style=\"background-color:#FFF;\">  <div class=\"row row-collapse align-middle flip-slide\" style=\"width:100%\">\n        <div class=\"large-6 col flip-page-one\">\n        <div class=\"featured-product col-inner\">\n          <a href=\"https:\/\/tienda.inovus.cl\/shop\/product\/pilar-preparo-definitivo-nobelbiocare-nobelactive-compatible\/\">\n                <div class=\"product-image relative\">\n                   <div class=\"front-image\">\n                    <img loading=\"lazy\" decoding=\"async\" width=\"250\" height=\"250\" src=\"https:\/\/tienda.inovus.cl\/shop\/wp-content\/uploads\/2023\/01\/pilar-definitivo-Active.jpg\" class=\"attachment-woocommerce_single size-woocommerce_single wp-post-image\" alt=\"pilar definitvo Active\" srcset=\"https:\/\/tienda.inovus.cl\/shop\/wp-content\/uploads\/2023\/01\/pilar-definitivo-Active.jpg 250w, https:\/\/tienda.inovus.cl\/shop\/wp-content\/uploads\/2023\/01\/pilar-definitivo-Active-100x100.jpg 100w\" sizes=\"auto, (max-width: 250px) 100vw, 250px\" \/>                  <\/div>\n                  \n<div class=\"badge-container absolute left top z-1\">\n\n<\/div>\n                <\/div>\n          <\/a>\n        <\/div>\n        <\/div>\n       <div class=\"large-6 col flip-page-two\">\n        <div class=\"product-info col-inner inner-padding\">\n              <h1 class=\"entry-title\"><a href=\"https:\/\/tienda.inovus.cl\/shop\/product\/pilar-preparo-definitivo-nobelbiocare-nobelactive-compatible\/\">Pilar Preparo\/Definitivo NobelBiocare\u00ae NobelActive\u00ae Compatible<\/a><\/h1>\n              <div class=\"is-divider medium\"><\/div>\n              <div class=\"price-wrapper\">\n\t<p class=\"price product-page-price \">\n  <span class=\"woocommerce-Price-amount amount\"><bdi><span class=\"woocommerce-Price-currencySymbol\">&#36;<\/span>64.990<\/bdi><\/span><\/p>\n<\/div>\n<div class=\"product_meta\">\n\n\t\n\t\n\t\t<span class=\"sku_wrapper\">SKU: <span class=\"sku\">N\/D<\/span><\/span>\n\n\t\n\t<span class=\"posted_in\">Categor\u00edas: <a href=\"https:\/\/tienda.inovus.cl\/shop\/product-category\/nobel-biocare-compatibles\/nobel-active\/\" rel=\"tag\">Nobel Active\u00ae<\/a>, <a href=\"https:\/\/tienda.inovus.cl\/shop\/product-category\/nobel-biocare-compatibles\/\" rel=\"tag\">Nobel Biocare\u00ae compatibles<\/a><\/span>\n\t\n\t\n<\/div>\n              <a href=\"https:\/\/tienda.inovus.cl\/shop\/product\/pilar-preparo-definitivo-nobelbiocare-nobelactive-compatible\/\" class=\"button\">Leer m\u00e1s<\/a>\n         <\/div>\n        <\/div>\n<\/div>\n<\/div>\n                        <div class=\"slide\" style=\"background-color:#FFF;\">  <div class=\"row row-collapse align-middle flip-slide\" style=\"width:100%\">\n        <div class=\"large-6 col flip-page-one\">\n        <div class=\"featured-product col-inner\">\n          <a href=\"https:\/\/tienda.inovus.cl\/shop\/product\/pilar-base-crco-nobelbiocare-nobelactive-compatible\/\">\n                <div class=\"product-image relative\">\n                   <div class=\"front-image\">\n                    <img loading=\"lazy\" decoding=\"async\" width=\"250\" height=\"250\" src=\"https:\/\/tienda.inovus.cl\/shop\/wp-content\/uploads\/2023\/01\/pilar-base-crco-Active.jpg\" class=\"attachment-woocommerce_single size-woocommerce_single wp-post-image\" alt=\"Pilar base CrCo NobelAvtive\" srcset=\"https:\/\/tienda.inovus.cl\/shop\/wp-content\/uploads\/2023\/01\/pilar-base-crco-Active.jpg 250w, https:\/\/tienda.inovus.cl\/shop\/wp-content\/uploads\/2023\/01\/pilar-base-crco-Active-100x100.jpg 100w\" sizes=\"auto, (max-width: 250px) 100vw, 250px\" \/>                  <\/div>\n                  \n<div class=\"badge-container absolute left top z-1\">\n\n<\/div>\n                <\/div>\n          <\/a>\n        <\/div>\n        <\/div>\n       <div class=\"large-6 col flip-page-two\">\n        <div class=\"product-info col-inner inner-padding\">\n              <h1 class=\"entry-title\"><a href=\"https:\/\/tienda.inovus.cl\/shop\/product\/pilar-base-crco-nobelbiocare-nobelactive-compatible\/\">Pilar Base CrCo NobelBiocare\u00ae NobelActive\u00ae Compatible<\/a><\/h1>\n              <div class=\"is-divider medium\"><\/div>\n              <div class=\"price-wrapper\">\n\t<p class=\"price product-page-price \">\n  <span class=\"woocommerce-Price-amount amount\"><bdi><span class=\"woocommerce-Price-currencySymbol\">&#36;<\/span>61.990<\/bdi><\/span><\/p>\n<\/div>\n<div class=\"product_meta\">\n\n\t\n\t\n\t\t<span class=\"sku_wrapper\">SKU: <span class=\"sku\">N\/D<\/span><\/span>\n\n\t\n\t<span class=\"posted_in\">Categor\u00edas: <a href=\"https:\/\/tienda.inovus.cl\/shop\/product-category\/nobel-biocare-compatibles\/nobel-active\/\" rel=\"tag\">Nobel Active\u00ae<\/a>, <a href=\"https:\/\/tienda.inovus.cl\/shop\/product-category\/nobel-biocare-compatibles\/\" rel=\"tag\">Nobel Biocare\u00ae compatibles<\/a><\/span>\n\t\n\t\n<\/div>\n              <a href=\"https:\/\/tienda.inovus.cl\/shop\/product\/pilar-base-crco-nobelbiocare-nobelactive-compatible\/\" class=\"button\">Leer m\u00e1s<\/a>\n         <\/div>\n        <\/div>\n<\/div>\n<\/div>\n                        <div class=\"slide\" style=\"background-color:#FFF;\">  <div class=\"row row-collapse align-middle flip-slide\" style=\"width:100%\">\n        <div class=\"large-6 col flip-page-one\">\n        <div class=\"featured-product col-inner\">\n          <a href=\"https:\/\/tienda.inovus.cl\/shop\/product\/transfer-cubeta-abierta-y-cerrada-nobelbiocare-nobelactive-compatible\/\">\n                <div class=\"product-image relative\">\n                   <div class=\"front-image\">\n                    <img loading=\"lazy\" decoding=\"async\" width=\"250\" height=\"250\" src=\"https:\/\/tienda.inovus.cl\/shop\/wp-content\/uploads\/2023\/01\/transfer-cabierta-active.jpg\" class=\"attachment-woocommerce_single size-woocommerce_single wp-post-image\" alt=\"Transfer cubeta Abierta Active\" srcset=\"https:\/\/tienda.inovus.cl\/shop\/wp-content\/uploads\/2023\/01\/transfer-cabierta-active.jpg 250w, https:\/\/tienda.inovus.cl\/shop\/wp-content\/uploads\/2023\/01\/transfer-cabierta-active-100x100.jpg 100w\" sizes=\"auto, (max-width: 250px) 100vw, 250px\" \/>                  <\/div>\n                  \n<div class=\"badge-container absolute left top z-1\">\n\n<\/div>\n                <\/div>\n          <\/a>\n        <\/div>\n        <\/div>\n       <div class=\"large-6 col flip-page-two\">\n        <div class=\"product-info col-inner inner-padding\">\n              <h1 class=\"entry-title\"><a href=\"https:\/\/tienda.inovus.cl\/shop\/product\/transfer-cubeta-abierta-y-cerrada-nobelbiocare-nobelactive-compatible\/\">Transfer Cubeta Abierta y Cerrada NobelBiocare\u00ae NobelActive\u00ae Compatible<\/a><\/h1>\n              <div class=\"is-divider medium\"><\/div>\n              <div class=\"price-wrapper\">\n\t<p class=\"price product-page-price \">\n  <span class=\"woocommerce-Price-amount amount\"><bdi><span class=\"woocommerce-Price-currencySymbol\">&#36;<\/span>36.990<\/bdi><\/span><\/p>\n<\/div>\n<div class=\"product_meta\">\n\n\t\n\t\n\t\t<span class=\"sku_wrapper\">SKU: <span class=\"sku\">N\/D<\/span><\/span>\n\n\t\n\t<span class=\"posted_in\">Categor\u00edas: <a href=\"https:\/\/tienda.inovus.cl\/shop\/product-category\/nobel-biocare-compatibles\/nobel-active\/\" rel=\"tag\">Nobel Active\u00ae<\/a>, <a href=\"https:\/\/tienda.inovus.cl\/shop\/product-category\/nobel-biocare-compatibles\/\" rel=\"tag\">Nobel Biocare\u00ae compatibles<\/a><\/span>\n\t\n\t\n<\/div>\n              <a href=\"https:\/\/tienda.inovus.cl\/shop\/product\/transfer-cubeta-abierta-y-cerrada-nobelbiocare-nobelactive-compatible\/\" class=\"button\">Leer m\u00e1s<\/a>\n         <\/div>\n        <\/div>\n<\/div>\n<\/div>\n                        <div class=\"slide\" style=\"background-color:#FFF;\">  <div class=\"row row-collapse align-middle flip-slide\" style=\"width:100%\">\n        <div class=\"large-6 col flip-page-one\">\n        <div class=\"featured-product col-inner\">\n          <a href=\"https:\/\/tienda.inovus.cl\/shop\/product\/pilar-cicatrizacion-nobelbiocare-nobelactive-compatible\/\">\n                <div class=\"product-image relative\">\n                   <div class=\"front-image\">\n                    <img loading=\"lazy\" decoding=\"async\" width=\"250\" height=\"250\" src=\"https:\/\/tienda.inovus.cl\/shop\/wp-content\/uploads\/2023\/01\/pilar-cicatrizacion-hi-Active.jpg\" class=\"attachment-woocommerce_single size-woocommerce_single wp-post-image\" alt=\"Pilar Cicatrizacion Nobel Active\" srcset=\"https:\/\/tienda.inovus.cl\/shop\/wp-content\/uploads\/2023\/01\/pilar-cicatrizacion-hi-Active.jpg 250w, https:\/\/tienda.inovus.cl\/shop\/wp-content\/uploads\/2023\/01\/pilar-cicatrizacion-hi-Active-100x100.jpg 100w\" sizes=\"auto, (max-width: 250px) 100vw, 250px\" \/>                  <\/div>\n                  \n<div class=\"badge-container absolute left top z-1\">\n\n<\/div>\n                <\/div>\n          <\/a>\n        <\/div>\n        <\/div>\n       <div class=\"large-6 col flip-page-two\">\n        <div class=\"product-info col-inner inner-padding\">\n              <h1 class=\"entry-title\"><a href=\"https:\/\/tienda.inovus.cl\/shop\/product\/pilar-cicatrizacion-nobelbiocare-nobelactive-compatible\/\">Pilar Cicatrizaci\u00f3n NobelBiocare\u00ae NobelActive\u00ae Compatible<\/a><\/h1>\n              <div class=\"is-divider medium\"><\/div>\n              <div class=\"price-wrapper\">\n\t<p class=\"price product-page-price \">\n  <span class=\"woocommerce-Price-amount amount\"><bdi><span class=\"woocommerce-Price-currencySymbol\">&#36;<\/span>26.990<\/bdi><\/span><\/p>\n<\/div>\n<div class=\"product_meta\">\n\n\t\n\t\n\t\t<span class=\"sku_wrapper\">SKU: <span class=\"sku\">N\/D<\/span><\/span>\n\n\t\n\t<span class=\"posted_in\">Categor\u00edas: <a href=\"https:\/\/tienda.inovus.cl\/shop\/product-category\/nobel-biocare-compatibles\/nobel-active\/\" rel=\"tag\">Nobel Active\u00ae<\/a>, <a href=\"https:\/\/tienda.inovus.cl\/shop\/product-category\/nobel-biocare-compatibles\/\" rel=\"tag\">Nobel Biocare\u00ae compatibles<\/a><\/span>\n\t\n\t\n<\/div>\n              <a href=\"https:\/\/tienda.inovus.cl\/shop\/product\/pilar-cicatrizacion-nobelbiocare-nobelactive-compatible\/\" class=\"button\">Leer m\u00e1s<\/a>\n         <\/div>\n        <\/div>\n<\/div>\n<\/div>\n                        <div class=\"slide\" style=\"background-color:#FFF;\">  <div class=\"row row-collapse align-middle flip-slide\" style=\"width:100%\">\n        <div class=\"large-6 col flip-page-one\">\n        <div class=\"featured-product col-inner\">\n          <a href=\"https:\/\/tienda.inovus.cl\/shop\/product\/analogo-nobelbiocare-nobelactive-compatible\/\">\n                <div class=\"product-image relative\">\n                   <div class=\"front-image\">\n                    <img loading=\"lazy\" decoding=\"async\" width=\"250\" height=\"250\" src=\"https:\/\/tienda.inovus.cl\/shop\/wp-content\/uploads\/2023\/01\/analogo-Active.jpg\" class=\"attachment-woocommerce_single size-woocommerce_single wp-post-image\" alt=\"Analogo Nobel Active\" srcset=\"https:\/\/tienda.inovus.cl\/shop\/wp-content\/uploads\/2023\/01\/analogo-Active.jpg 250w, https:\/\/tienda.inovus.cl\/shop\/wp-content\/uploads\/2023\/01\/analogo-Active-100x100.jpg 100w\" sizes=\"auto, (max-width: 250px) 100vw, 250px\" \/>                  <\/div>\n                  \n<div class=\"badge-container absolute left top z-1\">\n\n<\/div>\n                <\/div>\n          <\/a>\n        <\/div>\n        <\/div>\n       <div class=\"large-6 col flip-page-two\">\n        <div class=\"product-info col-inner inner-padding\">\n              <h1 class=\"entry-title\"><a href=\"https:\/\/tienda.inovus.cl\/shop\/product\/analogo-nobelbiocare-nobelactive-compatible\/\">An\u00e1logo NobelBiocare\u00ae NobelActive\u00ae Compatible<\/a><\/h1>\n              <div class=\"is-divider medium\"><\/div>\n              <div class=\"price-wrapper\">\n\t<p class=\"price product-page-price \">\n  <span class=\"woocommerce-Price-amount amount\"><bdi><span class=\"woocommerce-Price-currencySymbol\">&#36;<\/span>24.990<\/bdi><\/span><\/p>\n<\/div>\n<div class=\"product_meta\">\n\n\t\n\t\n\t\t<span class=\"sku_wrapper\">SKU: <span class=\"sku\">N\/D<\/span><\/span>\n\n\t\n\t<span class=\"posted_in\">Categor\u00edas: <a href=\"https:\/\/tienda.inovus.cl\/shop\/product-category\/nobel-biocare-compatibles\/nobel-active\/\" rel=\"tag\">Nobel Active\u00ae<\/a>, <a href=\"https:\/\/tienda.inovus.cl\/shop\/product-category\/nobel-biocare-compatibles\/\" rel=\"tag\">Nobel Biocare\u00ae compatibles<\/a><\/span>\n\t\n\t\n<\/div>\n              <a href=\"https:\/\/tienda.inovus.cl\/shop\/product\/analogo-nobelbiocare-nobelactive-compatible\/\" class=\"button\">Leer m\u00e1s<\/a>\n         <\/div>\n        <\/div>\n<\/div>\n<\/div>\n                        <div class=\"slide\" style=\"background-color:#FFF;\">  <div class=\"row row-collapse align-middle flip-slide\" style=\"width:100%\">\n        <div class=\"large-6 col flip-page-one\">\n        <div class=\"featured-product col-inner\">\n          <a href=\"https:\/\/tienda.inovus.cl\/shop\/product\/tapa-de-proteccion-multi-unit-estandar-branemark\/\">\n                <div class=\"product-image relative\">\n                   <div class=\"front-image\">\n                    <img loading=\"lazy\" decoding=\"async\" width=\"250\" height=\"250\" src=\"https:\/\/tienda.inovus.cl\/shop\/wp-content\/uploads\/2023\/01\/tapa-proteccion-multi-unit.jpg\" class=\"attachment-woocommerce_single size-woocommerce_single wp-post-image\" alt=\"Tapa proteccion Pilar Multi\" srcset=\"https:\/\/tienda.inovus.cl\/shop\/wp-content\/uploads\/2023\/01\/tapa-proteccion-multi-unit.jpg 250w, https:\/\/tienda.inovus.cl\/shop\/wp-content\/uploads\/2023\/01\/tapa-proteccion-multi-unit-100x100.jpg 100w\" sizes=\"auto, (max-width: 250px) 100vw, 250px\" \/>                  <\/div>\n                  \n<div class=\"badge-container absolute left top z-1\">\n\n<\/div>\n                <\/div>\n          <\/a>\n        <\/div>\n        <\/div>\n       <div class=\"large-6 col flip-page-two\">\n        <div class=\"product-info col-inner inner-padding\">\n              <h1 class=\"entry-title\"><a href=\"https:\/\/tienda.inovus.cl\/shop\/product\/tapa-de-proteccion-multi-unit-estandar-branemark\/\">Tapa de Protecci\u00f3n Multi Unit (Est\u00e1ndar Br\u00e5nemark)<\/a><\/h1>\n              <div class=\"is-divider medium\"><\/div>\n              <div class=\"price-wrapper\">\n\t<p class=\"price product-page-price \">\n  <\/p>\n<\/div>\n<div class=\"product_meta\">\n\n\t\n\t\n\t<span class=\"posted_in\">Categor\u00eda: <a href=\"https:\/\/tienda.inovus.cl\/shop\/product-category\/supra-multi-unit\/\" rel=\"tag\">Supra Multi Unit<\/a><\/span>\n\t\n\t\n<\/div>\n              <a href=\"https:\/\/tienda.inovus.cl\/shop\/product\/tapa-de-proteccion-multi-unit-estandar-branemark\/\" class=\"button\">Leer m\u00e1s<\/a>\n         <\/div>\n        <\/div>\n<\/div>\n<\/div>\n                        <div class=\"slide\" style=\"background-color:#FFF;\">  <div class=\"row row-collapse align-middle flip-slide\" style=\"width:100%\">\n        <div class=\"large-6 col flip-page-one\">\n        <div class=\"featured-product col-inner\">\n          <a href=\"https:\/\/tienda.inovus.cl\/shop\/product\/pilar-multi-unit-17-y-30-p-nobelbiocare-replace-trilob-compatible\/\">\n                <div class=\"product-image relative\">\n                   <div class=\"front-image\">\n                    <img loading=\"lazy\" decoding=\"async\" width=\"250\" height=\"250\" src=\"https:\/\/tienda.inovus.cl\/shop\/wp-content\/uploads\/2023\/01\/pilar-trilobular-angulado-multi-unit.jpg\" class=\"attachment-woocommerce_single size-woocommerce_single wp-post-image\" alt=\"Pilar Multi Unit Angulado\" srcset=\"https:\/\/tienda.inovus.cl\/shop\/wp-content\/uploads\/2023\/01\/pilar-trilobular-angulado-multi-unit.jpg 250w, https:\/\/tienda.inovus.cl\/shop\/wp-content\/uploads\/2023\/01\/pilar-trilobular-angulado-multi-unit-100x100.jpg 100w\" sizes=\"auto, (max-width: 250px) 100vw, 250px\" \/>                  <\/div>\n                  \n<div class=\"badge-container absolute left top z-1\">\n\n<\/div>\n                <\/div>\n          <\/a>\n        <\/div>\n        <\/div>\n       <div class=\"large-6 col flip-page-two\">\n        <div class=\"product-info col-inner inner-padding\">\n              <h1 class=\"entry-title\"><a href=\"https:\/\/tienda.inovus.cl\/shop\/product\/pilar-multi-unit-17-y-30-p-nobelbiocare-replace-trilob-compatible\/\">Pilar Multi Unit (17\u00b0 y 30\u00b0)  p\/NobelBiocare\u00ae Replace\u00ae Trilob Compatible<\/a><\/h1>\n              <div class=\"is-divider medium\"><\/div>\n              <div class=\"price-wrapper\">\n\t<p class=\"price product-page-price \">\n  <span class=\"woocommerce-Price-amount amount\"><bdi><span class=\"woocommerce-Price-currencySymbol\">&#36;<\/span>109.990<\/bdi><\/span><\/p>\n<\/div>\n<div class=\"product_meta\">\n\n\t\n\t\n\t\t<span class=\"sku_wrapper\">SKU: <span class=\"sku\">N\/D<\/span><\/span>\n\n\t\n\t<span class=\"posted_in\">Categor\u00edas: <a href=\"https:\/\/tienda.inovus.cl\/shop\/product-category\/nobel-biocare-compatibles\/\" rel=\"tag\">Nobel Biocare\u00ae compatibles<\/a>, <a href=\"https:\/\/tienda.inovus.cl\/shop\/product-category\/nobel-biocare-compatibles\/replace-trilob\/\" rel=\"tag\">Replace\u00ae Trilob<\/a>, <a href=\"https:\/\/tienda.inovus.cl\/shop\/product-category\/supra-multi-unit\/\" rel=\"tag\">Supra Multi Unit<\/a><\/span>\n\t\n\t\n<\/div>\n              <a href=\"https:\/\/tienda.inovus.cl\/shop\/product\/pilar-multi-unit-17-y-30-p-nobelbiocare-replace-trilob-compatible\/\" class=\"button\">Leer m\u00e1s<\/a>\n         <\/div>\n        <\/div>\n<\/div>\n<\/div>\n                    <\/div>\n          <\/div><\/div>\n          \n<div class=\"row\"  id=\"row-1299380452\">\n\n\t<div id=\"col-1413377173\" class=\"col small-12 large-12\"  >\n\t\t\t\t<div class=\"col-inner\"  >\n\t\t\t\n\t\t\t\n<p class=\"lead\" style=\"text-align: center;\">Create a Flip Book for any product category. You can also select custom posts.<\/p>\n\t\t<\/div>\n\t\t\t\t\t<\/div>\n\n\t\n<\/div>\n\t\t<\/div>\n\n\t\t\n<style>\n#section_1398589980 {\n  padding-top: 30px;\n  padding-bottom: 30px;\n  background-color: rgb(246, 246, 246);\n}\n<\/style>\n\t<\/section>\n\t\n","protected":false},"excerpt":{"rendered":"","protected":false},"author":1,"featured_media":17,"parent":98,"menu_order":99,"comment_status":"closed","ping_status":"closed","template":"page-blank.php","meta":{"footnotes":""},"class_list":["post-30","page","type-page","status-publish","has-post-thumbnail","hentry"],"jetpack_sharing_enabled":true,"_links":{"self":[{"href":"https:\/\/tienda.inovus.cl\/shop\/wp-json\/wp\/v2\/pages\/30","targetHints":{"allow":["GET"]}}],"collection":[{"href":"https:\/\/tienda.inovus.cl\/shop\/wp-json\/wp\/v2\/pages"}],"about":[{"href":"https:\/\/tienda.inovus.cl\/shop\/wp-json\/wp\/v2\/types\/page"}],"author":[{"embeddable":true,"href":"https:\/\/tienda.inovus.cl\/shop\/wp-json\/wp\/v2\/users\/1"}],"replies":[{"embeddable":true,"href":"https:\/\/tienda.inovus.cl\/shop\/wp-json\/wp\/v2\/comments?post=30"}],"version-history":[{"count":1,"href":"https:\/\/tienda.inovus.cl\/shop\/wp-json\/wp\/v2\/pages\/30\/revisions"}],"predecessor-version":[{"id":101,"href":"https:\/\/tienda.inovus.cl\/shop\/wp-json\/wp\/v2\/pages\/30\/revisions\/101"}],"up":[{"embeddable":true,"href":"https:\/\/tienda.inovus.cl\/shop\/wp-json\/wp\/v2\/pages\/98"}],"wp:featuredmedia":[{"embeddable":true,"href":"https:\/\/tienda.inovus.cl\/shop\/wp-json\/wp\/v2\/media\/17"}],"wp:attachment":[{"href":"https:\/\/tienda.inovus.cl\/shop\/wp-json\/wp\/v2\/media?parent=30"}],"curies":[{"name":"wp","href":"https:\/\/api.w.org\/{rel}","templated":true}]}}